{"id":2981,"date":"2025-05-08T00:19:33","date_gmt":"2025-05-08T00:19:33","guid":{"rendered":"https:\/\/www.saglikuzmanlari.com\/melekhoca\/?page_id=2981"},"modified":"2025-05-08T19:48:57","modified_gmt":"2025-05-08T19:48:57","slug":"kordon-kani","status":"publish","type":"page","link":"https:\/\/www.saglikuzmanlari.com\/melekhoca\/kordon-kani\/","title":{"rendered":"Kordon Kan\u0131"},"content":{"rendered":"\t\t<div data-elementor-type=\"wp-page\" data-elementor-id=\"2981\" class=\"elementor elementor-2981\">\n\t\t\t\t<div class=\"elementor-element elementor-element-410ce21 e-flex e-con-boxed e-con e-parent\" data-id=\"410ce21\" data-element_type=\"container\">\n\t\t\t\t\t<div class=\"e-con-inner\">\n\t\t\t\t<div class=\"elementor-element elementor-element-5e9ac5a elementor-widget elementor-widget-cz_image\" data-id=\"5e9ac5a\" data-element_type=\"widget\" data-widget_type=\"cz_image.default\">\n\t\t\t\t<div class=\"elementor-widget-container\">\n\t\t\t\t\t\r\n\t\t<div class=\"cz_image clr cz_image_no_fx\">\r\n\r\n\t\t\t<div>\r\n\r\n\t\t\t\t<div class=\"cz_image_in\">\r\n\r\n\t\t\t\t\t<div class=\"cz_main_image\"><img fetchpriority=\"high\" decoding=\"async\" width=\"1000\" height=\"665\" src=\"data:image\/svg+xml,%3Csvg%20xmlns%3D&#39;http%3A%2F%2Fwww.w3.org%2F2000%2Fsvg&#39;%20width=&#39;1000&#39;%20height=&#39;665&#39;%20viewBox%3D&#39;0%200%201000%20665&#39;%2F%3E\" data-czlz data-src=\"https:\/\/www.saglikuzmanlari.com\/melekhoca\/wp-content\/uploads\/2025\/05\/Kordon-Kani.webp\" class=\"attachment-full size-full wp-image-3497\" alt=\"\" data-srcset=\"https:\/\/www.saglikuzmanlari.com\/melekhoca\/wp-content\/uploads\/2025\/05\/Kordon-Kani.webp 1000w, https:\/\/www.saglikuzmanlari.com\/melekhoca\/wp-content\/uploads\/2025\/05\/Kordon-Kani-300x200.webp 300w, https:\/\/www.saglikuzmanlari.com\/melekhoca\/wp-content\/uploads\/2025\/05\/Kordon-Kani-768x511.webp 768w, https:\/\/www.saglikuzmanlari.com\/melekhoca\/wp-content\/uploads\/2025\/05\/Kordon-Kani-600x399.webp 600w\" data-sizes=\"(max-width: 1000px) 100vw, 1000px\" \/><\/div>\r\n\r\n\t\t\t\t\t<div class=\"cz_hover_image\"><img fetchpriority=\"high\" decoding=\"async\" width=\"1000\" height=\"665\" src=\"data:image\/svg+xml,%3Csvg%20xmlns%3D&#39;http%3A%2F%2Fwww.w3.org%2F2000%2Fsvg&#39;%20width=&#39;1000&#39;%20height=&#39;665&#39;%20viewBox%3D&#39;0%200%201000%20665&#39;%2F%3E\" data-czlz data-src=\"https:\/\/www.saglikuzmanlari.com\/melekhoca\/wp-content\/uploads\/2025\/05\/Kordon-Kani.webp\" class=\"attachment-full size-full wp-image-3497\" alt=\"\" data-srcset=\"https:\/\/www.saglikuzmanlari.com\/melekhoca\/wp-content\/uploads\/2025\/05\/Kordon-Kani.webp 1000w, https:\/\/www.saglikuzmanlari.com\/melekhoca\/wp-content\/uploads\/2025\/05\/Kordon-Kani-300x200.webp 300w, https:\/\/www.saglikuzmanlari.com\/melekhoca\/wp-content\/uploads\/2025\/05\/Kordon-Kani-768x511.webp 768w, https:\/\/www.saglikuzmanlari.com\/melekhoca\/wp-content\/uploads\/2025\/05\/Kordon-Kani-600x399.webp 600w\" data-sizes=\"(max-width: 1000px) 100vw, 1000px\" \/><\/div>\r\n\t\t\t\t<\/div>\r\n\r\n\t\t\t\t\r\n\t\t\t<\/div>\r\n\r\n\t\t<\/div>\r\n\r\n\t\t\t\t\t\t<\/div>\n\t\t\t\t<\/div>\n\t\t\t\t\t<\/div>\n\t\t\t\t<\/div>\n\t\t<div class=\"elementor-element elementor-element-4cb380aa e-flex e-con-boxed e-con e-parent\" data-id=\"4cb380aa\" data-element_type=\"container\">\n\t\t\t\t\t<div class=\"e-con-inner\">\n\t\t\t\t<div class=\"elementor-element elementor-element-41803de2 elementor-widget elementor-widget-text-editor\" data-id=\"41803de2\" data-element_type=\"widget\" data-widget_type=\"text-editor.default\">\n\t\t\t\t<div class=\"elementor-widget-container\">\n\t\t\t\t\t\t\t\t\t<section id=\"\" class=\"text\"><h2 class=\"font\">Kordon Kan\u0131 Nedir?<\/h2><h3>Nas\u0131l Saklan\u0131r ve Hangi Hastal\u0131klarda Kullan\u0131l\u0131r?<\/h3><p>Kordon kan\u0131, son y\u0131llarda sa\u011fl\u0131k alan\u0131nda giderek daha fazla \u00f6nem kazanan ve bir\u00e7ok hastal\u0131\u011f\u0131n tedavisinde kullan\u0131lma potansiyeline sahip olan bir biyolojik materyaldir. Do\u011fum s\u0131ras\u0131nda toplanan bu kan, hem bebek hem de potansiyel olarak aile \u00fcyeleri i\u00e7in hayat kurtar\u0131c\u0131 olabilir. Peki, kordon kan\u0131 nedir, hangi hastal\u0131klarda kullan\u0131l\u0131r ve nas\u0131l saklan\u0131r?<br \/><br \/>Kordon kan\u0131, do\u011fum s\u0131ras\u0131nda bebekten ayr\u0131lan plasentadan toplanan kand\u0131r. Plasenta, anne ve bebek aras\u0131nda besin ve oksijen de\u011fi\u015fimini ger\u00e7ekle\u015ftiren bir yap\u0131d\u0131r. Plasentadan anneye do\u011fru uzanan ve bebe\u011fin hayati i\u015flevlerini destekleyen k\u0131sma g\u00f6bek kordonu denir. Kordonun i\u00e7inde, iki atardamar ve bir toplardamar bulunur. Bu damarlar\u0131n i\u00e7indeki kana ise kordon kan\u0131 ad\u0131 verilir. Kordon kan\u0131, i\u00e7erdi\u011fi k\u00f6k h\u00fccreler sayesinde bir\u00e7ok hastal\u0131\u011f\u0131n tedavisinde kullan\u0131lma potansiyeline sahiptir.<\/p><\/section><section id=\"\" class=\"z_pattern left\"><h3 class=\"bordered\">Kordon kan\u0131, iki farkl\u0131 tipte k\u00f6k h\u00fccre i\u00e7erir:<\/h3><h2 class=\"font\">Kordon Kan\u0131n\u0131n \u0130\u00e7eri\u011fi ve \u00d6nemi<\/h2><div class=\"background\"><p><b>Hematopoetik K\u00f6k H\u00fccreler:<\/b>\u00a0Bu h\u00fccreler, t\u00fcm kan h\u00fccrelerini olu\u015fturma yetene\u011fine sahip olup, kemik ili\u011fi nakli gibi bir\u00e7ok tedavi s\u00fcrecinde kullan\u0131labilir.<br \/><br \/><b>Mezenkimal K\u00f6k H\u00fccreler:<\/b>\u00a0Bu h\u00fccreler, ya\u011f, k\u0131k\u0131rdak, kalp, kemik ve sinir h\u00fccrelerine d\u00f6n\u00fc\u015febilme yetene\u011fine sahiptir. Bu \u00f6zellikleri sayesinde, kordon kan\u0131 gelecekte bir\u00e7ok hastal\u0131\u011f\u0131n tedavisinde kullan\u0131labilir.<br \/><br \/><b>Kordon Kan\u0131n\u0131n Saklanmas\u0131 ve Kordon Kan\u0131 Bankac\u0131l\u0131\u011f\u0131<\/b><br \/><br \/>Kordon kan\u0131, do\u011fum s\u0131ras\u0131nda topland\u0131ktan sonra \u00f6zel ko\u015fullarda saklan\u0131r. Kordon kan\u0131 bankac\u0131l\u0131\u011f\u0131, bu kan\u0131n uzun y\u0131llar boyunca \u00f6zelli\u011fini koruyacak \u015fekilde saklanmas\u0131n\u0131 sa\u011flayan bir sistemdir. Kordon kan\u0131 ilk kez 1988 y\u0131l\u0131nda Fanconi anemisi olan bir \u00e7ocu\u011fa ba\u015far\u0131l\u0131 bir \u015fekilde nakledildikten sonra, t\u00fcm d\u00fcnyada \u00f6nemli bir k\u00f6k h\u00fccre kayna\u011f\u0131 olarak kabul edilmi\u015ftir. Bug\u00fcn, d\u00fcnya genelinde 100\u2019den fazla kordon kan\u0131 bankas\u0131nda, 900.000\u2019den fazla kordon kan\u0131 \u00fcnitesi saklanmaktad\u0131r.<\/p><h2 class=\"font\">Kordon Kan\u0131 Hangi Hastal\u0131klarda Kullan\u0131l\u0131r?<\/h2><p>Kordon kan\u0131, 30 y\u0131l\u0131 a\u015fk\u0131n s\u00fcredir \u00e7e\u015fitli hastal\u0131klar\u0131n tedavisinde ba\u015far\u0131yla kullan\u0131lmaktad\u0131r. \u00d6zellikle hematopoetik k\u00f6k h\u00fccrelerin naklinde tercih edilir. Kordon kan\u0131 ile tedavi edilen hastal\u0131klar \u015funlar\u0131 i\u00e7erir:<br \/><br \/><b>K\u00f6t\u00fc Huylu Kan Hastal\u0131klar\u0131:<\/b>\u00a0L\u00f6semi ve lenfoma gibi kanser t\u00fcrlerinde kordon kan\u0131 k\u00f6k h\u00fccreleri, hastan\u0131n kemik ili\u011finin yerine ge\u00e7erek kan h\u00fccrelerinin yeniden \u00fcretilmesini sa\u011flar.<br \/><b>Kal\u0131tsal Hastal\u0131klar:<\/b>\u00a0\u00d6zellikle Talasemi (Akdeniz anemisi) gibi hastal\u0131klar\u0131n tedavisinde kullan\u0131l\u0131r.<br \/><b>Baz\u0131 \u00c7ocukluk \u00c7a\u011f\u0131 Kanserleri:<\/b>\u00a0N\u00f6roblastom gibi \u00e7ocukluk \u00e7a\u011f\u0131 kanserlerinde, y\u00fcksek doz kemoterapiye destek olarak kullan\u0131l\u0131r.<br \/><br \/>Son y\u0131llarda, kordon kan\u0131n\u0131n rejeneratif t\u0131p alan\u0131nda da kullan\u0131m potansiyeli ara\u015ft\u0131r\u0131lmaktad\u0131r. Sinir sistemi hastal\u0131klar\u0131, kalp ve damar hastal\u0131klar\u0131, diyabet, karaci\u011fer hastal\u0131klar\u0131 ve otoimm\u00fcn hastal\u0131klar gibi geni\u015f bir yelpazede klinik \u00e7al\u0131\u015fmalar devam etmektedir.<\/p><h2 class=\"font\">Kordon Kan\u0131 Nas\u0131l Saklan\u0131r?<\/h2><p>Kordon kan\u0131, do\u011fum s\u0131ras\u0131nda kad\u0131n hastal\u0131klar\u0131 ve do\u011fum uzman\u0131 taraf\u0131ndan steril ko\u015fullarda toplan\u0131r. Toplanan kan, 48 saat i\u00e7inde kordon kan\u0131 bankas\u0131na ula\u015ft\u0131r\u0131l\u0131r ve burada \u00f6zel laboratuvarlarda i\u015flenir. Temel ama\u00e7, kordon kan\u0131ndaki k\u00f6k h\u00fccreleri safla\u015ft\u0131rmak ve yap\u0131lar\u0131n\u0131 koruyarak uzun s\u00fcreli saklamakt\u0131r. Kordon kan\u0131, s\u0131v\u0131 azot i\u00e7inde -196\u00b0C\u2019de dondurularak saklan\u0131r. Bilimsel ara\u015ft\u0131rmalar, kordon kan\u0131n\u0131n en az 15 y\u0131l boyunca \u00f6zelliklerini koruyabildi\u011fini g\u00f6stermektedir. Teorik olarak, bu ko\u015fullarda kordon kan\u0131 s\u00fcresiz olarak saklanabilir.<\/p><h2 class=\"font\">Kordon Kan\u0131 Saklama S\u00fcreci<\/h2><h3 class=\"bordered\">Kordon kan\u0131 saklama s\u00fcreci \u00fc\u00e7 a\u015famada ger\u00e7ekle\u015fir:<\/h3><p><b>Toplama:<\/b>\u00a0Do\u011fum s\u0131ras\u0131nda, bebek al\u0131nd\u0131ktan sonraki 1-2 dakika i\u00e7inde steril bir i\u011fne ile kordon kan\u0131 al\u0131n\u0131r. Bu i\u015flem, hem anne hem de bebek i\u00e7in tamamen a\u011fr\u0131s\u0131zd\u0131r.<br \/><br \/><b>\u0130\u015fleme:<\/b>\u00a0Al\u0131nan kordon kan\u0131, en ge\u00e7 48 saat i\u00e7inde bankaya ula\u015ft\u0131r\u0131l\u0131r ve burada k\u00f6k h\u00fccreler ayr\u0131\u015ft\u0131r\u0131larak safla\u015ft\u0131r\u0131l\u0131r.<br \/><br \/><b>Saklama:<\/b>\u00a0Safla\u015ft\u0131r\u0131lan k\u00f6k h\u00fccreler, s\u0131v\u0131 azot i\u00e7inde dondurularak saklan\u0131r. Saklama s\u00fcreci s\u0131ras\u0131nda h\u00fccrelerin \u0131s\u0131nmamas\u0131 ve yap\u0131lar\u0131n\u0131n korunmas\u0131 \u00e7ok \u00f6nemlidir.<\/p><section id=\"\" class=\"text\"><h2 class=\"font\">Kordon Kan\u0131 Ne Kadar S\u00fcre Saklan\u0131r?<\/h2><p>Kordon kan\u0131, uygun ko\u015fullarda sakland\u0131\u011f\u0131nda 15 y\u0131l veya daha uzun s\u00fcre boyunca \u00f6zelliklerini koruyabilir. Ancak teorik olarak, s\u0131v\u0131 azot i\u00e7inde -196\u00b0C\u2019de sonsuza dek saklanabilir. Saklama s\u00fcrecinde dikkat edilmesi gereken en \u00f6nemli nokta, h\u00fccrelerin ge\u00e7ici \u0131s\u0131nmaya maruz kalmamas\u0131d\u0131r. Yeni kordon kan\u0131 \u00f6rnekleri tanklara eklenirken, ortam \u0131s\u0131s\u0131n\u0131n h\u0131zla y\u00fckselmesi di\u011fer saklanan kanlar \u00fczerinde olumsuz etkiler yaratabilir. Ancak, son 10 y\u0131lda geli\u015ftirilen teknolojiler sayesinde bu olumsuz etkiler en aza indirilebilmektedir.<\/p><\/section><section class=\"two_column\"><div id=\"\"><h2 class=\"font\">Kordon Kan\u0131n\u0131 Saklama \u0130\u015flemini Kimler Yapmal\u0131d\u0131r?<\/h2><p>T\u00fcrkiye`de kordon kan\u0131 bankac\u0131l\u0131\u011f\u0131, Sa\u011fl\u0131k Bakanl\u0131\u011f\u0131 taraf\u0131ndan denetlenen bir aland\u0131r. Kordon kan\u0131 saklamak isteyen aileler, mutlaka bakanl\u0131k taraf\u0131ndan onayl\u0131 ve y\u0131ll\u0131k denetimlerden ge\u00e7en merkezleri tercih etmelidir. Deneyimli ve g\u00fcncel saklama teknolojilerini kullanan merkezler, kordon kan\u0131n\u0131n uzun s\u00fcre boyunca g\u00fcvenle saklanmas\u0131n\u0131 sa\u011flar.<\/p><\/div><div id=\"\"><p>Kordon kan\u0131, k\u00f6k h\u00fccre tedavilerinde b\u00fcy\u00fck bir potansiyele sahip olan ve bir\u00e7ok hastal\u0131\u011f\u0131n tedavisinde kullan\u0131labilecek \u00f6nemli bir biyolojik kaynakt\u0131r. Do\u011fru ko\u015fullarda toplanan ve saklanan kordon kan\u0131, y\u0131llar sonra bile ihtiya\u00e7 duyuldu\u011funda kullan\u0131labilir. Bu nedenle, kordon kan\u0131 saklamay\u0131 d\u00fc\u015f\u00fcnen ailelerin bu s\u00fcreci titizlikle planlamalar\u0131 ve g\u00fcvenilir bir kordon kan\u0131 bankas\u0131 ile \u00e7al\u0131\u015fmalar\u0131 \u00f6nemlidir. Gelecekte kordon kan\u0131n\u0131n, tedavi alan\u0131nda daha geni\u015f bir yelpazede kullan\u0131lmas\u0131 beklenmektedir. Bu nedenle, kordon kan\u0131n\u0131n saklanmas\u0131, hem bireysel hem de toplumsal sa\u011fl\u0131k a\u00e7\u0131s\u0131ndan de\u011ferli bir yat\u0131r\u0131m olarak g\u00f6r\u00fclmelidir.<\/p><\/div><\/section><\/div><\/section>\t\t\t\t\t\t\t\t<\/div>\n\t\t\t\t<\/div>\n\t\t\t\t\t<\/div>\n\t\t\t\t<\/div>\n\t\t\t\t<\/div>\n\t\t","protected":false},"excerpt":{"rendered":"<p>Kordon Kan\u0131 Nedir? Nas\u0131l Saklan\u0131r ve Hangi Hastal\u0131klarda Kullan\u0131l\u0131r? Kordon kan\u0131, &#8230; <\/p>\n","protected":false},"author":2,"featured_media":0,"parent":0,"menu_order":0,"comment_status":"closed","ping_status":"closed","template":"","meta":{"pagelayer_contact_templates":[],"_pagelayer_content":"","footnotes":""},"class_list":["post-2981","page","type-page","status-publish","hentry"],"_links":{"self":[{"href":"https:\/\/www.saglikuzmanlari.com\/melekhoca\/wp-json\/wp\/v2\/pages\/2981","targetHints":{"allow":["GET"]}}],"collection":[{"href":"https:\/\/www.saglikuzmanlari.com\/melekhoca\/wp-json\/wp\/v2\/pages"}],"about":[{"href":"https:\/\/www.saglikuzmanlari.com\/melekhoca\/wp-json\/wp\/v2\/types\/page"}],"author":[{"embeddable":true,"href":"https:\/\/www.saglikuzmanlari.com\/melekhoca\/wp-json\/wp\/v2\/users\/2"}],"replies":[{"embeddable":true,"href":"https:\/\/www.saglikuzmanlari.com\/melekhoca\/wp-json\/wp\/v2\/comments?post=2981"}],"version-history":[{"count":7,"href":"https:\/\/www.saglikuzmanlari.com\/melekhoca\/wp-json\/wp\/v2\/pages\/2981\/revisions"}],"predecessor-version":[{"id":3500,"href":"https:\/\/www.saglikuzmanlari.com\/melekhoca\/wp-json\/wp\/v2\/pages\/2981\/revisions\/3500"}],"wp:attachment":[{"href":"https:\/\/www.saglikuzmanlari.com\/melekhoca\/wp-json\/wp\/v2\/media?parent=2981"}],"curies":[{"name":"wp","href":"https:\/\/api.w.org\/{rel}","templated":true}]}}