{"id":2935,"date":"2025-05-08T00:06:05","date_gmt":"2025-05-08T00:06:05","guid":{"rendered":"https:\/\/www.saglikuzmanlari.com\/melekhoca\/?page_id=2935"},"modified":"2025-05-09T17:13:24","modified_gmt":"2025-05-09T17:13:24","slug":"sperm-hazirlama-islemi-nedir","status":"publish","type":"page","link":"https:\/\/www.saglikuzmanlari.com\/melekhoca\/sperm-hazirlama-islemi-nedir\/","title":{"rendered":"Sperm Haz\u0131rlama \u0130\u015flemi Nedir?"},"content":{"rendered":"\t\t<div data-elementor-type=\"wp-page\" data-elementor-id=\"2935\" class=\"elementor elementor-2935\">\n\t\t\t\t<div class=\"elementor-element elementor-element-410ce21 e-flex e-con-boxed e-con e-parent\" data-id=\"410ce21\" data-element_type=\"container\">\n\t\t\t\t\t<div class=\"e-con-inner\">\n\t\t\t\t<div class=\"elementor-element elementor-element-5e9ac5a elementor-widget elementor-widget-cz_image\" data-id=\"5e9ac5a\" data-element_type=\"widget\" data-widget_type=\"cz_image.default\">\n\t\t\t\t<div class=\"elementor-widget-container\">\n\t\t\t\t\t\r\n\t\t<div class=\"cz_image clr cz_image_no_fx\">\r\n\r\n\t\t\t<div>\r\n\r\n\t\t\t\t<div class=\"cz_image_in\">\r\n\r\n\t\t\t\t\t<div class=\"cz_main_image\"><img fetchpriority=\"high\" decoding=\"async\" width=\"1000\" height=\"665\" src=\"data:image\/svg+xml,%3Csvg%20xmlns%3D&#39;http%3A%2F%2Fwww.w3.org%2F2000%2Fsvg&#39;%20width=&#39;1000&#39;%20height=&#39;665&#39;%20viewBox%3D&#39;0%200%201000%20665&#39;%2F%3E\" data-czlz data-src=\"https:\/\/www.saglikuzmanlari.com\/melekhoca\/wp-content\/uploads\/2025\/05\/Sperm-Hazirlama.webp\" class=\"attachment-full size-full wp-image-3623\" alt=\"\" data-srcset=\"https:\/\/www.saglikuzmanlari.com\/melekhoca\/wp-content\/uploads\/2025\/05\/Sperm-Hazirlama.webp 1000w, https:\/\/www.saglikuzmanlari.com\/melekhoca\/wp-content\/uploads\/2025\/05\/Sperm-Hazirlama-300x200.webp 300w, https:\/\/www.saglikuzmanlari.com\/melekhoca\/wp-content\/uploads\/2025\/05\/Sperm-Hazirlama-768x511.webp 768w, https:\/\/www.saglikuzmanlari.com\/melekhoca\/wp-content\/uploads\/2025\/05\/Sperm-Hazirlama-600x399.webp 600w\" data-sizes=\"(max-width: 1000px) 100vw, 1000px\" \/><\/div>\r\n\r\n\t\t\t\t\t<div class=\"cz_hover_image\"><img fetchpriority=\"high\" decoding=\"async\" width=\"1000\" height=\"665\" src=\"data:image\/svg+xml,%3Csvg%20xmlns%3D&#39;http%3A%2F%2Fwww.w3.org%2F2000%2Fsvg&#39;%20width=&#39;1000&#39;%20height=&#39;665&#39;%20viewBox%3D&#39;0%200%201000%20665&#39;%2F%3E\" data-czlz data-src=\"https:\/\/www.saglikuzmanlari.com\/melekhoca\/wp-content\/uploads\/2025\/05\/Sperm-Hazirlama.webp\" class=\"attachment-full size-full wp-image-3623\" alt=\"\" data-srcset=\"https:\/\/www.saglikuzmanlari.com\/melekhoca\/wp-content\/uploads\/2025\/05\/Sperm-Hazirlama.webp 1000w, https:\/\/www.saglikuzmanlari.com\/melekhoca\/wp-content\/uploads\/2025\/05\/Sperm-Hazirlama-300x200.webp 300w, https:\/\/www.saglikuzmanlari.com\/melekhoca\/wp-content\/uploads\/2025\/05\/Sperm-Hazirlama-768x511.webp 768w, https:\/\/www.saglikuzmanlari.com\/melekhoca\/wp-content\/uploads\/2025\/05\/Sperm-Hazirlama-600x399.webp 600w\" data-sizes=\"(max-width: 1000px) 100vw, 1000px\" \/><\/div>\r\n\t\t\t\t<\/div>\r\n\r\n\t\t\t\t\r\n\t\t\t<\/div>\r\n\r\n\t\t<\/div>\r\n\r\n\t\t\t\t\t\t<\/div>\n\t\t\t\t<\/div>\n\t\t\t\t\t<\/div>\n\t\t\t\t<\/div>\n\t\t<div class=\"elementor-element elementor-element-4cb380aa e-flex e-con-boxed e-con e-parent\" data-id=\"4cb380aa\" data-element_type=\"container\">\n\t\t\t\t\t<div class=\"e-con-inner\">\n\t\t\t\t<div class=\"elementor-element elementor-element-41803de2 elementor-widget elementor-widget-text-editor\" data-id=\"41803de2\" data-element_type=\"widget\" data-widget_type=\"text-editor.default\">\n\t\t\t\t<div class=\"elementor-widget-container\">\n\t\t\t\t\t\t\t\t\t<section id=\"\" class=\"text\"><h2 class=\"font\">Sperm Haz\u0131rlama \u0130\u015flemi Nedir?<\/h2><p>Sperm haz\u0131rlama, \u00fcreme h\u00fccrelerinin en iyi kaliteye ula\u015fmas\u0131n\u0131 sa\u011flamak i\u00e7in yap\u0131lan \u00e7e\u015fitli laboratuvar i\u015flemlerini ifade eder. Bu i\u015flem, sperm say\u0131s\u0131n\u0131, hareketlili\u011fini ve yap\u0131sal b\u00fct\u00fcnl\u00fc\u011f\u00fcn\u00fc optimize etmeye y\u00f6nelik ad\u0131mlar\u0131 i\u00e7erir. Genellikle t\u00fcp bebek (IVF) ve intrauterin inseminasyon (IUI) gibi yard\u0131mc\u0131 \u00fcreme tekniklerinde kullan\u0131l\u0131r. Sperm haz\u0131rlama, d\u00f6llenme ba\u015far\u0131s\u0131n\u0131 art\u0131rmak i\u00e7in kritik bir ad\u0131md\u0131r.<\/p><\/section><section id=\"\" class=\"z_pattern left\"><h3 class=\"bordered\">Sperm haz\u0131rlama i\u015flemlerinin temel amac\u0131, \u00fcreme tedavilerinde ba\u015far\u0131y\u0131 maksimize etmektir. Bu ama\u00e7lar \u015funlar\u0131 i\u00e7erir:<\/h3><h2 class=\"font\">Sperm Haz\u0131rlama Tekniklerinin Ama\u00e7lar\u0131<\/h2><div class=\"background\"><p><b>En Sa\u011fl\u0131kl\u0131 Spermleri Se\u00e7me:<\/b>\u00a0Sperm haz\u0131rlama, en y\u00fcksek hareketlili\u011fe, en iyi \u015fekle (morfoloji) ve sa\u011flam DNA yap\u0131s\u0131na sahip olan sperm h\u00fccrelerini ay\u0131rmay\u0131 hedefler. Bu sayede d\u00f6llenme \u015fans\u0131 art\u0131r\u0131l\u0131r ve sa\u011fl\u0131kl\u0131 embriyo geli\u015fimi desteklenir.<br \/><br \/><b>Seminal Plazmadan Ay\u0131rma:<\/b>\u00a0Seminal plazma, sperm h\u00fccrelerini koruyan ve besleyen bir s\u0131v\u0131d\u0131r; ancak baz\u0131 durumlarda bu s\u0131v\u0131, serbest radikaller ve bakteriler gibi zararl\u0131 maddeler i\u00e7erebilir. Sperm haz\u0131rlama, bu zararl\u0131 maddeleri ortadan kald\u0131rarak spermlerin temizlenmesini sa\u011flar.<br \/><br \/><b>Sperm Hareketlili\u011fini Art\u0131rma:<\/b>\u00a0Haz\u0131rl\u0131k i\u015flemleri, spermleri aktive ederek onlar\u0131n d\u00f6llenme yetene\u011fini art\u0131r\u0131r ve yumurtaya ula\u015fmalar\u0131n\u0131 kolayla\u015ft\u0131r\u0131r.<br \/><br \/><b>Anormal veya \u00d6l\u00fc H\u00fccrelerin Ay\u0131klanmas\u0131:<\/b>\u00a0Sperm haz\u0131rlama teknikleri, d\u00f6llenme i\u00e7in uygun olmayan h\u00fccreleri ay\u0131rarak sadece en sa\u011fl\u0131kl\u0131 ve d\u00f6llenme potansiyeli en y\u00fcksek olan spermleri se\u00e7er.<\/p><h2 class=\"font\">Sperm Haz\u0131rlama Teknikleri Nelerdir?<\/h2><h3>\u0130nfertilite tedavilerinde kullan\u0131lan baz\u0131 yayg\u0131n sperm haz\u0131rlama teknikleri \u015funlard\u0131r:<\/h3><p><b>Basit Y\u0131kama:<\/b>\u00a0Semen \u00f6rne\u011fi, spermleri seminal plazmadan ay\u0131rmak amac\u0131yla santrif\u00fcjlenir. Ard\u0131ndan, \u00f6zel bir besiyeri i\u00e7inde y\u0131kanan spermler, d\u00f6llenme i\u015flemine haz\u0131r hale getirilir. Bu i\u015flem, spermleri zararl\u0131 bile\u015fenlerden temizlemeye y\u00f6nelik en temel tekniklerden biridir.<br \/><br \/><b>Dansite Gradient Tekni\u011fi:<\/b>\u00a0Bu y\u00f6ntemde, semen \u00f6rne\u011fi farkl\u0131 yo\u011funluklarda haz\u0131rlanm\u0131\u015f \u00e7\u00f6zeltilerle santrif\u00fcjlenir. Daha a\u011f\u0131r olan en kaliteli spermler, \u00e7\u00f6zeltilerin alt tabakas\u0131nda birikirken, di\u011fer h\u00fccreler ve istenmeyen materyaller \u00fcstte kal\u0131r.<br \/><br \/><b>Swim-Up Tekni\u011fi:<\/b>\u00a0Spermler, bir besiyeri i\u00e7ine yerle\u015ftirilir ve en hareketli spermlerin besiyerinin \u00fcst k\u0131sm\u0131na do\u011fru y\u00fczmesi beklenir. Bu y\u00f6ntem, \u00f6zellikle y\u00fcksek hareketlili\u011fe sahip sperm h\u00fccrelerini ay\u0131klamak i\u00e7in tercih edilir.<br \/><br \/><b>Elektroforez:<\/b>\u00a0Spermlerin elektrik alan\u0131 alt\u0131nda h\u0131zlar\u0131na g\u00f6re ayr\u0131ld\u0131\u011f\u0131 bu teknik, en h\u0131zl\u0131 hareket eden ve dolay\u0131s\u0131yla en sa\u011fl\u0131kl\u0131 spermleri ay\u0131r\u0131r.<br \/><br \/><b>MACS (Manyetik H\u00fccre Ayr\u0131\u015ft\u0131rma):<\/b>\u00a0Apoptozis belirtileri g\u00f6steren spermler manyetik mikro par\u00e7ac\u0131klarla i\u015faretlenir ve manyetik alandan ge\u00e7irilir. Sa\u011fl\u0131kl\u0131 spermler manyetik alan d\u0131\u015f\u0131na \u00e7\u0131karken, anormal h\u00fccreler tutulur.<br \/><br \/><b>Mini Gradient Tekni\u011fi:<\/b>\u00a0\u00d6zellikle d\u00fc\u015f\u00fck sperm say\u0131s\u0131na sahip erkeklerde kullan\u0131lan bu y\u00f6ntem, daha az miktarda semenle en kaliteli spermleri se\u00e7meyi ama\u00e7lar.<\/p><\/div><\/section>\t\t\t\t\t\t\t\t<\/div>\n\t\t\t\t<\/div>\n\t\t\t\t\t<\/div>\n\t\t\t\t<\/div>\n\t\t\t\t<\/div>\n\t\t","protected":false},"excerpt":{"rendered":"<p>Sperm Haz\u0131rlama \u0130\u015flemi Nedir? Sperm haz\u0131rlama, \u00fcreme h\u00fccrelerinin en iyi kaliteye &#8230; <\/p>\n","protected":false},"author":2,"featured_media":0,"parent":0,"menu_order":0,"comment_status":"closed","ping_status":"closed","template":"","meta":{"pagelayer_contact_templates":[],"_pagelayer_content":"","footnotes":""},"class_list":["post-2935","page","type-page","status-publish","hentry"],"_links":{"self":[{"href":"https:\/\/www.saglikuzmanlari.com\/melekhoca\/wp-json\/wp\/v2\/pages\/2935","targetHints":{"allow":["GET"]}}],"collection":[{"href":"https:\/\/www.saglikuzmanlari.com\/melekhoca\/wp-json\/wp\/v2\/pages"}],"about":[{"href":"https:\/\/www.saglikuzmanlari.com\/melekhoca\/wp-json\/wp\/v2\/types\/page"}],"author":[{"embeddable":true,"href":"https:\/\/www.saglikuzmanlari.com\/melekhoca\/wp-json\/wp\/v2\/users\/2"}],"replies":[{"embeddable":true,"href":"https:\/\/www.saglikuzmanlari.com\/melekhoca\/wp-json\/wp\/v2\/comments?post=2935"}],"version-history":[{"count":7,"href":"https:\/\/www.saglikuzmanlari.com\/melekhoca\/wp-json\/wp\/v2\/pages\/2935\/revisions"}],"predecessor-version":[{"id":3626,"href":"https:\/\/www.saglikuzmanlari.com\/melekhoca\/wp-json\/wp\/v2\/pages\/2935\/revisions\/3626"}],"wp:attachment":[{"href":"https:\/\/www.saglikuzmanlari.com\/melekhoca\/wp-json\/wp\/v2\/media?parent=2935"}],"curies":[{"name":"wp","href":"https:\/\/api.w.org\/{rel}","templated":true}]}}