{"id":2572,"date":"2025-05-07T21:10:16","date_gmt":"2025-05-07T21:10:16","guid":{"rendered":"https:\/\/www.saglikuzmanlari.com\/melekhoca\/?page_id=2572"},"modified":"2025-05-09T20:26:53","modified_gmt":"2025-05-09T20:26:53","slug":"vajinoplasti-2","status":"publish","type":"page","link":"https:\/\/www.saglikuzmanlari.com\/melekhoca\/vajinoplasti-2\/","title":{"rendered":"Vajinoplasti"},"content":{"rendered":"\t\t<div data-elementor-type=\"wp-page\" data-elementor-id=\"2572\" class=\"elementor elementor-2572\">\n\t\t\t\t<div class=\"elementor-element elementor-element-410ce21 e-flex e-con-boxed e-con e-parent\" data-id=\"410ce21\" data-element_type=\"container\">\n\t\t\t\t\t<div class=\"e-con-inner\">\n\t\t\t\t<div class=\"elementor-element elementor-element-5e9ac5a elementor-widget elementor-widget-cz_image\" data-id=\"5e9ac5a\" data-element_type=\"widget\" data-widget_type=\"cz_image.default\">\n\t\t\t\t<div class=\"elementor-widget-container\">\n\t\t\t\t\t\r\n\t\t<div class=\"cz_image clr cz_image_no_fx\">\r\n\r\n\t\t\t<div>\r\n\r\n\t\t\t\t<div class=\"cz_image_in\">\r\n\r\n\t\t\t\t\t<div class=\"cz_main_image\"><img fetchpriority=\"high\" decoding=\"async\" width=\"1000\" height=\"665\" src=\"data:image\/svg+xml,%3Csvg%20xmlns%3D&#39;http%3A%2F%2Fwww.w3.org%2F2000%2Fsvg&#39;%20width=&#39;1000&#39;%20height=&#39;665&#39;%20viewBox%3D&#39;0%200%201000%20665&#39;%2F%3E\" data-czlz data-src=\"https:\/\/www.saglikuzmanlari.com\/melekhoca\/wp-content\/uploads\/2025\/05\/vajinoplasti-1.webp\" class=\"attachment-full size-full wp-image-3673\" alt=\"\" data-srcset=\"https:\/\/www.saglikuzmanlari.com\/melekhoca\/wp-content\/uploads\/2025\/05\/vajinoplasti-1.webp 1000w, https:\/\/www.saglikuzmanlari.com\/melekhoca\/wp-content\/uploads\/2025\/05\/vajinoplasti-1-300x200.webp 300w, https:\/\/www.saglikuzmanlari.com\/melekhoca\/wp-content\/uploads\/2025\/05\/vajinoplasti-1-768x511.webp 768w, https:\/\/www.saglikuzmanlari.com\/melekhoca\/wp-content\/uploads\/2025\/05\/vajinoplasti-1-600x399.webp 600w\" data-sizes=\"(max-width: 1000px) 100vw, 1000px\" \/><\/div>\r\n\r\n\t\t\t\t\t<div class=\"cz_hover_image\"><img fetchpriority=\"high\" decoding=\"async\" width=\"1000\" height=\"665\" src=\"data:image\/svg+xml,%3Csvg%20xmlns%3D&#39;http%3A%2F%2Fwww.w3.org%2F2000%2Fsvg&#39;%20width=&#39;1000&#39;%20height=&#39;665&#39;%20viewBox%3D&#39;0%200%201000%20665&#39;%2F%3E\" data-czlz data-src=\"https:\/\/www.saglikuzmanlari.com\/melekhoca\/wp-content\/uploads\/2025\/05\/vajinoplasti-1.webp\" class=\"attachment-full size-full wp-image-3673\" alt=\"\" data-srcset=\"https:\/\/www.saglikuzmanlari.com\/melekhoca\/wp-content\/uploads\/2025\/05\/vajinoplasti-1.webp 1000w, https:\/\/www.saglikuzmanlari.com\/melekhoca\/wp-content\/uploads\/2025\/05\/vajinoplasti-1-300x200.webp 300w, https:\/\/www.saglikuzmanlari.com\/melekhoca\/wp-content\/uploads\/2025\/05\/vajinoplasti-1-768x511.webp 768w, https:\/\/www.saglikuzmanlari.com\/melekhoca\/wp-content\/uploads\/2025\/05\/vajinoplasti-1-600x399.webp 600w\" data-sizes=\"(max-width: 1000px) 100vw, 1000px\" \/><\/div>\r\n\t\t\t\t<\/div>\r\n\r\n\t\t\t\t\r\n\t\t\t<\/div>\r\n\r\n\t\t<\/div>\r\n\r\n\t\t\t\t\t\t<\/div>\n\t\t\t\t<\/div>\n\t\t\t\t\t<\/div>\n\t\t\t\t<\/div>\n\t\t<div class=\"elementor-element elementor-element-4cb380aa e-flex e-con-boxed e-con e-parent\" data-id=\"4cb380aa\" data-element_type=\"container\">\n\t\t\t\t\t<div class=\"e-con-inner\">\n\t\t\t\t<div class=\"elementor-element elementor-element-41803de2 elementor-widget elementor-widget-text-editor\" data-id=\"41803de2\" data-element_type=\"widget\" data-widget_type=\"text-editor.default\">\n\t\t\t\t<div class=\"elementor-widget-container\">\n\t\t\t\t\t\t\t\t\t<h2 class=\"font\">Vajinoplasti Nedir?<\/h2><p>Vajinoplasti, kad\u0131n genital b\u00f6lgesinde estetik ve i\u015flevsel iyile\u015ftirmeler sa\u011flamak i\u00e7in yap\u0131lan cerrahi bir i\u015flemdir. Vajinan\u0131n s\u0131k\u0131l\u0131\u011f\u0131n\u0131 ve yap\u0131sal b\u00fct\u00fcnl\u00fc\u011f\u00fcn\u00fc art\u0131rmay\u0131 ama\u00e7lar.<br \/><br \/>Do\u011fum, ya\u015flanma, cinsel aktivite ve di\u011fer fakt\u00f6rler nedeniyle vajinal dokularda gev\u015feme ve sarkma meydana gelebilir. Vajinoplasti, bu durumlar\u0131 d\u00fczeltmeyi ama\u00e7lar ve vajinal dokular\u0131n s\u0131k\u0131l\u0131\u011f\u0131n\u0131 yeniden sa\u011flamak i\u00e7in yap\u0131lan bir i\u015flemdir. Bu i\u015flem, vajinal duvarlardaki kaslar\u0131 s\u0131k\u0131la\u015ft\u0131rarak ve fazla dokuyu \u00e7\u0131kararak ger\u00e7ekle\u015ftirilir. Vajinoplasti, cinsel i\u015flev ve hissiyat\u0131 art\u0131rabilir, genital b\u00f6lgede daha estetik bir g\u00f6r\u00fcn\u00fcm sa\u011flayabilir ve ki\u015finin \u00f6zg\u00fcvenini y\u00fckseltebilir. Ameliyat s\u00fcresi ve iyile\u015fme s\u00fcreci, yap\u0131lan i\u015flemin kapsam\u0131na ve hasta durumuna ba\u011fl\u0131 olarak de\u011fi\u015fkenlik g\u00f6sterebilir.<\/p><h2 class=\"font\">Vajinoplasti Nas\u0131l Yap\u0131l\u0131r?<\/h2><div class=\"background\"><p>Vajinay\u0131 yeniden yap\u0131land\u0131ran ve vajinan\u0131n i\u015flevini b\u00fcy\u00fck oranda art\u0131ran vajinoplasti ameliyat\u0131 s\u0131ras\u0131nda \u015fu ad\u0131mlar izlenir;<br \/><br \/><b>Anestezi:<\/b>\u00a0\u0130lk olarak, hastaya genel anestezi uygulan\u0131r. Bu sayede hasta, i\u015flem s\u0131ras\u0131nda herhangi bir ac\u0131 veya rahats\u0131zl\u0131k hissetmez.<br \/><b>Kesi:<\/b>\u00a0Vajinan\u0131n arka duvar\u0131na ve perine b\u00f6lgesine (vajina ve an\u00fcs aras\u0131ndaki doku) bir veya birka\u00e7 kesi yap\u0131l\u0131r. Bu, dokular\u0131n ve kaslar\u0131n eri\u015filebilir olmas\u0131n\u0131 sa\u011flar.<br \/><b>Kaslar\u0131n s\u0131k\u0131la\u015ft\u0131r\u0131lmas\u0131:<\/b>\u00a0Vajinal duvarlardaki gev\u015femi\u015f kaslar\u0131 s\u0131k\u0131la\u015ft\u0131r\u0131l\u0131r ve bir araya getirilir. Bu, vajinan\u0131n i\u00e7 \u00e7ap\u0131n\u0131 k\u00fc\u00e7\u00fclt\u00fcr ve s\u0131k\u0131l\u0131\u011f\u0131n\u0131 art\u0131r\u0131r.<br \/><b>Fazla dokunun \u00e7\u0131kar\u0131lmas\u0131:<\/b>\u00a0S\u0131k\u0131la\u015ft\u0131rma i\u015fleminden sonra fazla doku ve mukoza (vajinal duvar\u0131n i\u00e7 y\u00fczeyini kaplayan doku) \u00e7\u0131kar\u0131l\u0131r.<br \/><b>Diki\u015fler:<\/b>\u00a0Yap\u0131lan kesiler dikilir ve vajinan\u0131n i\u00e7i ve d\u0131\u015f\u0131 d\u00fczg\u00fcn bir \u015fekilde kapat\u0131l\u0131r. Genellikle emilebilir diki\u015fler kullan\u0131l\u0131r, bu da diki\u015flerin \u00e7\u0131kar\u0131lmas\u0131na gerek kalmadan kendi kendine eriyebilece\u011fi anlam\u0131na gelir.<br \/><b>\u0130yile\u015fme s\u00fcreci:<\/b>\u00a0\u0130\u015flem tamamland\u0131ktan sonra, hasta bir s\u00fcre g\u00f6zlem alt\u0131nda tutulur ve ard\u0131ndan eve g\u00f6nderilir. \u0130yile\u015fme s\u00fcreci hastan\u0131n durumuna ve ameliyat\u0131n kapsam\u0131na ba\u011fl\u0131 olarak birka\u00e7 hafta ila birka\u00e7 ay aras\u0131nda s\u00fcrebilir. \u0130\u015flem sonras\u0131 dikkatli bak\u0131m ve verilen tavsiyelerine uyum i\u015flem sonu\u00e7lar\u0131n\u0131n ba\u015far\u0131s\u0131nda \u00f6nemli bir rol oynar.<\/p><h2 class=\"font\">Vajinoplasti Ameliyat\u0131n\u0131n Avantajlar\u0131 Nelerdir?<\/h2><p><b>Cinsel tatminin artmas\u0131:<\/b>\u00a0Vajinoplasti, vajina s\u0131k\u0131l\u0131\u011f\u0131n\u0131 ve tonunu art\u0131rarak cinsel ili\u015fki s\u0131ras\u0131nda hem kad\u0131n hem de erkek partner i\u00e7in daha fazla tatmin sa\u011flar.<br \/><b>Pelvik taban ba\u011f dokusunun g\u00fc\u00e7lendirilmesi:<\/b>\u00a0Vajinoplasti ameliyat\u0131, pelvik taban ba\u011f dokusunu g\u00fc\u00e7lendirerek vajina ve \u00e7evresindeki yap\u0131lar\u0131n daha s\u0131k\u0131 ve esnek hale gelmesine yard\u0131mc\u0131 olur.<br \/><b>\u0130drar ka\u00e7\u0131rma sorunlar\u0131n\u0131n azalt\u0131lmas\u0131:<\/b>\u00a0Vajina ve pelvik taban kaslar\u0131n\u0131n s\u0131k\u0131la\u015ft\u0131r\u0131lmas\u0131, stres inkontinans olarak bilinen idrar ka\u00e7\u0131rma sorunlar\u0131n\u0131 azaltabilir.<br \/><b>Vajinal do\u011fum sonras\u0131 s\u0131k\u0131l\u0131\u011f\u0131n geri kazan\u0131lmas\u0131:<\/b>\u00a0Vajinal do\u011fumlar sonras\u0131nda, vajinan\u0131n eski s\u0131k\u0131l\u0131\u011f\u0131na geri d\u00f6nmesi zor olabilir. Vajinoplasti, bu durumda vajinan\u0131n s\u0131k\u0131l\u0131\u011f\u0131n\u0131 yeniden sa\u011flamaya yard\u0131mc\u0131 olur.<br \/><b>Kendine g\u00fcvenin artmas\u0131:<\/b>\u00a0Vajinoplasti ameliyat\u0131n\u0131n sonu\u00e7lar\u0131, kad\u0131n\u0131n cinsel ya\u015fam\u0131na ve genel ya\u015fam kalitesine olumlu katk\u0131da bulunarak, \u00f6zg\u00fcvenini art\u0131rabilir.<br \/><b>Estetik iyile\u015fme:<\/b>\u00a0Vajinoplasti ameliyat\u0131, vajinan\u0131n g\u00f6r\u00fcn\u00fcm\u00fcn\u00fc ve esteti\u011fini de iyile\u015ftirebilir.<\/p><h2 class=\"font\">Vajina Daraltma Ameliyat\u0131 Hangi Durumlarda Yap\u0131l\u0131r?<\/h2><p>Vajina daraltma ameliyat\u0131, vajinal kanal\u0131n geni\u015flemesine ba\u011fl\u0131 olarak ya\u015fanan sorunlar\u0131 \u00e7\u00f6zmeye y\u00f6nelik ger\u00e7ekle\u015ftirilen bir cerrahi i\u015flemdir. Genellikle cinsel tatmin eksikli\u011fi, pelvik taban kaslar\u0131n\u0131n zay\u0131fl\u0131\u011f\u0131 ve vajinal do\u011fum gibi nedenlerle vajinal kanalda geni\u015fleme olu\u015fabilir. Bu t\u00fcr durumlarda, vajina daraltma ameliyat\u0131 d\u00fc\u015f\u00fcn\u00fclebilir. \u0130\u015fte vajina daraltma ameliyat\u0131n\u0131n yap\u0131ld\u0131\u011f\u0131 baz\u0131 durumlar:<br \/><br \/><b>Vajinal do\u011fumlar:<\/b>\u00a0Vajinal do\u011fumlar s\u0131ras\u0131nda, vajina do\u011fal olarak geni\u015fler ve do\u011fum sonras\u0131 bazen eski s\u0131k\u0131l\u0131\u011f\u0131na geri d\u00f6nmez. Bu durumda, vajina daraltma ameliyat\u0131 d\u00fc\u015f\u00fcn\u00fclebilir.<br \/><b>Ya\u015flanma:<\/b>\u00a0Ya\u015f ilerledik\u00e7e vajina ve pelvik taban kaslar\u0131 zay\u0131flayabilir ve esnekli\u011fini yitirebilir. Bu durumda, vajina daraltma ameliyat\u0131 kad\u0131n\u0131n ya\u015fam kalitesini ve cinsel tatminini art\u0131rmaya yard\u0131mc\u0131 olabilir.<br \/><b>Pelvik taban kaslar\u0131n\u0131n zay\u0131fl\u0131\u011f\u0131:<\/b>\u00a0Pelvik taban kaslar\u0131 zay\u0131flad\u0131\u011f\u0131nda, vajina geni\u015fleyebilir ve sarkma ya\u015fanabilir. Bu tarz durumlarda vajinoplasti bu kaslar\u0131 g\u00fc\u00e7lendirmeye ve vajinal kanal\u0131n s\u0131k\u0131l\u0131\u011f\u0131n\u0131 yeniden sa\u011flamaya yard\u0131mc\u0131 olabilir.<br \/><b>Cinsel tatmin eksikli\u011fi:<\/b>\u00a0Vajinal geni\u015fleme, cinsel ili\u015fki s\u0131ras\u0131nda hem kad\u0131n hem de erkek partner i\u00e7in tatmin eksikli\u011fine neden olabilir. Vajina daraltma ameliyat\u0131 cinsel ili\u015fki s\u0131ras\u0131nda daha fazla s\u0131k\u0131l\u0131k ve tatmin sa\u011flamak amac\u0131yla yap\u0131labilir.<br \/><b>\u0130drar ka\u00e7\u0131rma:<\/b>\u00a0Vajina ve pelvik taban kaslar\u0131n\u0131n zay\u0131fl\u0131\u011f\u0131, stres inkontinans olarak bilinen idrar ka\u00e7\u0131rma sorunlar\u0131na yol a\u00e7abilir. Vajina daraltma ameliyat\u0131 k\u0131smen idrar ka\u00e7\u0131rma sorununu \u00e7\u00f6zmeye yard\u0131mc\u0131 olabilir.<\/p><h2 class=\"font\">Vajina Daraltma Ameliyat\u0131ndan Sonra Tekrar Geni\u015fler mi?<\/h2><p>Vajina daraltma ameliyat\u0131ndan sonra vajina, do\u011fal olarak zamanla bir miktar geni\u015fleyebilir. Bununla birlikte, ameliyat sonras\u0131 \u00f6nerilen egzersizlerle bu geni\u015fleme minimum d\u00fczeyde tutulabilir. Ameliyat sonras\u0131 geni\u015flemeyi \u00f6nlemeye y\u00f6nelik baz\u0131 \u00f6nlemler \u015funlard\u0131r:<br \/><br \/><b>Pelvik taban egzersizleri:<\/b>\u00a0Ameliyat sonras\u0131 d\u00f6nemde belirli bir s\u00fcre bekledikten sonra pelvik taban egzersizlerine ba\u015flamak \u00f6nemlidir. Kegel egzersizleri olarak da bilinen bu egzersizler pelvik taban kaslar\u0131n\u0131 g\u00fc\u00e7lendirir ve vajinan\u0131n s\u0131k\u0131l\u0131\u011f\u0131n\u0131 korumaya yard\u0131mc\u0131 olur.<br \/><b>Emsella:<\/b>\u00a0pelvik taban manyetik cihaz\u0131 ile tek seansta 11.200 Kegel egzersizi yapt\u0131rarak vajinal daraltma operasyonu ge\u00e7irmi\u015f hastalarda kas g\u00fcc\u00fc korunmaktad\u0131r .<\/p><h2 class=\"font\">Vajinal daraltma ameliyatlar\u0131ndan sonra ne zaman ili\u015fkiye girilir?<\/h2><p>Herhangi bir ameliyattan sonra cinsel ili\u015fkiye ne zaman ba\u015flanabilinece\u011fi ameliyat\u0131n\u0131z\u0131 yapan doktorunuz taraf\u0131ndan karar verilir. Genellikle, ameliyat sonras\u0131 4-6 hafta beklemek \u00f6nerilir, ancak bu s\u00fcre ki\u015fiden ki\u015fiye de\u011fi\u015febilir. Cinsel ili\u015fkiye erken ba\u015flamak ameliyat\u0131n etkilerini azaltabilir ve vajinan\u0131n yeniden geni\u015flemesine yol a\u00e7abilir.<\/p><h2 class=\"font\">Vajinal daraltma sonras\u0131 normal do\u011fum yap\u0131labilinir mi ?<\/h2><p>Vajina daraltma ameliyat\u0131ndan sonra vajinal do\u011fum yap\u0131labilinir; ancak bu durumlarda vajinan\u0131n yeniden geni\u015fleyebilece\u011fi unutulmamal\u0131d\u0131r. Bu nedenle vajinal daraltma ameliyat\u0131 sonras\u0131 olu\u015fan gebeliklerde sezaryen ile do\u011fum ger\u00e7ekle\u015ftirilmesi \u00f6nerilir.<\/p><h2 class=\"font\">Menopozda vajinoplasti yap\u0131l\u0131r m\u0131?<\/h2><p>Ya\u015f ilerledik\u00e7e ve \u00f6zellikle menopoz sonras\u0131 d\u00f6nemde, vajinal dokular\u0131n do\u011fal esnekli\u011fini yitirir ve vajinoplastiye ihtiya\u00e7 duyulabilir. \u00c7o\u011fu durumda, lazer veya radyofrekans tedavisi gibi prosed\u00fcrler yeterli olmakla birlikte menopozda idrar ka\u00e7\u0131rma operasyonlar\u0131 ile e\u015fzamanl\u0131 olarak vajinal daraltma ameliyatlar\u0131 hastalar taraf\u0131ndan tercih edilen bir y\u00f6ntem olmaktad\u0131r.<\/p><h2 class=\"font\">Vajina Daraltma Ameliyat\u0131 Fiyatlar\u0131 2024<\/h2><p>Vajina daraltma fiyatlar\u0131; ameliyat tekni\u011fi, hastan\u0131n ihtiyac\u0131 olan ek cerrahiler gibi unsurlara g\u00f6re de\u011fi\u015fiklik g\u00f6sterebilir. Ameliyat\u0131n ba\u015far\u0131s\u0131 ve sonu\u00e7lar\u0131, deneyimli bir doktor ve uygun bir klinik se\u00e7imiyle daha olumlu olacakt\u0131r. Vajina daraltma ameliyat\u0131 ve vajinoplasti fiyatlar\u0131 hakk\u0131nda daha detayl\u0131 bilgi almak i\u00e7in ileti\u015fim formunu doldurarak bize ula\u015fabilirsiniz.<\/p><\/div>\t\t\t\t\t\t\t\t<\/div>\n\t\t\t\t<\/div>\n\t\t\t\t\t<\/div>\n\t\t\t\t<\/div>\n\t\t\t\t<\/div>\n\t\t","protected":false},"excerpt":{"rendered":"<p>Vajinoplasti Nedir? Vajinoplasti, kad\u0131n genital b\u00f6lgesinde estetik ve i\u015flevsel iyile\u015ftirmeler sa\u011flamak &#8230; <\/p>\n","protected":false},"author":2,"featured_media":0,"parent":0,"menu_order":0,"comment_status":"closed","ping_status":"closed","template":"","meta":{"pagelayer_contact_templates":[],"_pagelayer_content":"","footnotes":""},"class_list":["post-2572","page","type-page","status-publish","hentry"],"_links":{"self":[{"href":"https:\/\/www.saglikuzmanlari.com\/melekhoca\/wp-json\/wp\/v2\/pages\/2572","targetHints":{"allow":["GET"]}}],"collection":[{"href":"https:\/\/www.saglikuzmanlari.com\/melekhoca\/wp-json\/wp\/v2\/pages"}],"about":[{"href":"https:\/\/www.saglikuzmanlari.com\/melekhoca\/wp-json\/wp\/v2\/types\/page"}],"author":[{"embeddable":true,"href":"https:\/\/www.saglikuzmanlari.com\/melekhoca\/wp-json\/wp\/v2\/users\/2"}],"replies":[{"embeddable":true,"href":"https:\/\/www.saglikuzmanlari.com\/melekhoca\/wp-json\/wp\/v2\/comments?post=2572"}],"version-history":[{"count":7,"href":"https:\/\/www.saglikuzmanlari.com\/melekhoca\/wp-json\/wp\/v2\/pages\/2572\/revisions"}],"predecessor-version":[{"id":3676,"href":"https:\/\/www.saglikuzmanlari.com\/melekhoca\/wp-json\/wp\/v2\/pages\/2572\/revisions\/3676"}],"wp:attachment":[{"href":"https:\/\/www.saglikuzmanlari.com\/melekhoca\/wp-json\/wp\/v2\/media?parent=2572"}],"curies":[{"name":"wp","href":"https:\/\/api.w.org\/{rel}","templated":true}]}}