{"id":2108,"date":"2024-06-29T11:14:04","date_gmt":"2024-06-29T11:14:04","guid":{"rendered":"http:\/\/xtratheme.com\/default\/?page_id=17"},"modified":"2025-05-27T21:14:12","modified_gmt":"2025-05-27T21:14:12","slug":"iletisim","status":"publish","type":"page","link":"https:\/\/www.saglikuzmanlari.com\/melekhoca\/iletisim\/","title":{"rendered":"\u0130leti\u015fim"},"content":{"rendered":"\t\t<div data-elementor-type=\"wp-page\" data-elementor-id=\"2108\" class=\"elementor elementor-2108\">\n\t\t\t\t\t\t<section class=\"elementor-section elementor-top-section elementor-element elementor-element-71f7ff7 elementor-section-boxed elementor-section-height-default elementor-section-height-default\" data-id=\"71f7ff7\" data-element_type=\"section\">\n\t\t\t\t\t\t<div class=\"elementor-container elementor-column-gap-default\">\n\t\t\t\t\t<div class=\"elementor-column elementor-col-33 elementor-top-column elementor-element elementor-element-3c8d32d\" data-id=\"3c8d32d\" data-element_type=\"column\">\n\t\t\t<div class=\"elementor-widget-wrap elementor-element-populated\">\n\t\t\t\t\t\t<div class=\"elementor-element elementor-element-ced5ff6 elementor-widget elementor-widget-cz_service_box\" data-id=\"ced5ff6\" data-element_type=\"widget\" data-widget_type=\"cz_service_box.default\">\n\t\t\t\t<div class=\"elementor-widget-container\">\n\t\t\t\t\t<a href=\"tel:%20+905462028744\" target=\"_blank\"><div class=\"services clr style1 cz_sbi_fx_9 services_b\"><div class=\"service_custom\"><i class=\"fas fa-phone-volume\"><\/i><\/div><div class=\"service_text\"><h3>Telefon<\/h3><div class=\"cz_wpe_content\"><p><span style=\"font-size: 20px; color: #666666;\"> +90 242 312 2 312 <br \/>+90 546 202 87 44<br \/><\/span><\/p><\/div><\/div><\/div><\/a>\t\t\t\t<\/div>\n\t\t\t\t<\/div>\n\t\t\t\t\t<\/div>\n\t\t<\/div>\n\t\t\t\t<div class=\"elementor-column elementor-col-33 elementor-top-column elementor-element elementor-element-8e976c5\" data-id=\"8e976c5\" data-element_type=\"column\">\n\t\t\t<div class=\"elementor-widget-wrap elementor-element-populated\">\n\t\t\t\t\t\t<div class=\"elementor-element elementor-element-3eddd35 elementor-widget elementor-widget-cz_service_box\" data-id=\"3eddd35\" data-element_type=\"widget\" data-widget_type=\"cz_service_box.default\">\n\t\t\t\t<div class=\"elementor-widget-container\">\n\t\t\t\t\t<a href=\"mailto:%20info@melekbuyukkinaci.com\" target=\"_blank\"><div class=\"services clr style1 cz_sbi_fx_9 services_b\"><div class=\"service_custom\"><i class=\"czi czico-093-email\"><\/i><\/div><div class=\"service_text\"><h3>Email<\/h3><div class=\"cz_wpe_content\"><span style=\"font-size: 20px; color: #666666;\">info@melekbuyukkinaci.com<\/span><\/div><\/div><\/div><\/a>\t\t\t\t<\/div>\n\t\t\t\t<\/div>\n\t\t\t\t\t<\/div>\n\t\t<\/div>\n\t\t\t\t<div class=\"elementor-column elementor-col-33 elementor-top-column elementor-element elementor-element-a436c4a\" data-id=\"a436c4a\" data-element_type=\"column\">\n\t\t\t<div class=\"elementor-widget-wrap elementor-element-populated\">\n\t\t\t\t\t\t<div class=\"elementor-element elementor-element-a9858a4 elementor-widget elementor-widget-cz_service_box\" data-id=\"a9858a4\" data-element_type=\"widget\" data-widget_type=\"cz_service_box.default\">\n\t\t\t\t<div class=\"elementor-widget-container\">\n\t\t\t\t\t<a href=\"https:\/\/maps.app.goo.gl\/TqyxG9rnCfHEXuiF7\" target=\"_blank\"><div class=\"services clr style1 cz_sbi_fx_9 services_b\"><div class=\"service_custom\"><i class=\"fa czico-083-placeholder-1\"><\/i><\/div><div class=\"service_text\"><h3>Adres<\/h3><div class=\"cz_wpe_content\"><p><span style=\"font-size: 20px; color: #666666;\">Ye\u015filbah\u00e7e Mah. M. Kasapo\u011flu Cad. Ayhan Kadam \u0130\u015f Merkezi Kat:3 D:10 (K\u0131rm\u0131z\u0131g\u00fcl Kav\u015fa\u011f\u0131) Muratpa\u015fa\/ Antalya<\/span><\/p><\/div><\/div><\/div><\/a>\t\t\t\t<\/div>\n\t\t\t\t<\/div>\n\t\t\t\t\t<\/div>\n\t\t<\/div>\n\t\t\t\t\t<\/div>\n\t\t<\/section>\n\t\t\t\t<section class=\"elementor-section elementor-top-section elementor-element elementor-element-276a4ee elementor-section-boxed elementor-section-height-default elementor-section-height-default\" data-id=\"276a4ee\" data-element_type=\"section\">\n\t\t\t\t\t\t<div class=\"elementor-container elementor-column-gap-default\">\n\t\t\t\t\t<div class=\"elementor-column elementor-col-100 elementor-top-column elementor-element elementor-element-7b2d98f\" data-id=\"7b2d98f\" data-element_type=\"column\">\n\t\t\t<div class=\"elementor-widget-wrap elementor-element-populated\">\n\t\t\t\t\t\t<div class=\"elementor-element elementor-element-fb56ebb elementor-widget elementor-widget-cz_image\" data-id=\"fb56ebb\" data-element_type=\"widget\" data-widget_type=\"cz_image.default\">\n\t\t\t\t<div class=\"elementor-widget-container\">\n\t\t\t\t\t<a href=\"https:\/\/maps.app.goo.gl\/TqyxG9rnCfHEXuiF7\">\r\n\t\t<div class=\"cz_image clr cz_image_no_fx\">\r\n\r\n\t\t\t<div>\r\n\r\n\t\t\t\t<div class=\"cz_image_in\">\r\n\r\n\t\t\t\t\t<div class=\"cz_main_image\"><img fetchpriority=\"high\" decoding=\"async\" width=\"1920\" height=\"600\" src=\"data:image\/svg+xml,%3Csvg%20xmlns%3D&#39;http%3A%2F%2Fwww.w3.org%2F2000%2Fsvg&#39;%20width=&#39;1920&#39;%20height=&#39;600&#39;%20viewBox%3D&#39;0%200%201920%20600&#39;%2F%3E\" data-czlz data-src=\"https:\/\/www.saglikuzmanlari.com\/melekhoca\/wp-content\/uploads\/2025\/04\/map.webp\" class=\"attachment-full size-full wp-image-2166\" alt=\"\" data-srcset=\"https:\/\/www.saglikuzmanlari.com\/melekhoca\/wp-content\/uploads\/2025\/04\/map.webp 1920w, https:\/\/www.saglikuzmanlari.com\/melekhoca\/wp-content\/uploads\/2025\/04\/map-300x94.webp 300w, https:\/\/www.saglikuzmanlari.com\/melekhoca\/wp-content\/uploads\/2025\/04\/map-1024x320.webp 1024w, https:\/\/www.saglikuzmanlari.com\/melekhoca\/wp-content\/uploads\/2025\/04\/map-768x240.webp 768w, https:\/\/www.saglikuzmanlari.com\/melekhoca\/wp-content\/uploads\/2025\/04\/map-1536x480.webp 1536w, https:\/\/www.saglikuzmanlari.com\/melekhoca\/wp-content\/uploads\/2025\/04\/map-600x188.webp 600w\" data-sizes=\"(max-width: 1920px) 100vw, 1920px\" \/><\/div>\r\n\r\n\t\t\t\t\t<div class=\"cz_hover_image\"><img fetchpriority=\"high\" decoding=\"async\" width=\"1920\" height=\"600\" src=\"data:image\/svg+xml,%3Csvg%20xmlns%3D&#39;http%3A%2F%2Fwww.w3.org%2F2000%2Fsvg&#39;%20width=&#39;1920&#39;%20height=&#39;600&#39;%20viewBox%3D&#39;0%200%201920%20600&#39;%2F%3E\" data-czlz data-src=\"https:\/\/www.saglikuzmanlari.com\/melekhoca\/wp-content\/uploads\/2025\/04\/map.webp\" class=\"attachment-full size-full wp-image-2166\" alt=\"\" data-srcset=\"https:\/\/www.saglikuzmanlari.com\/melekhoca\/wp-content\/uploads\/2025\/04\/map.webp 1920w, https:\/\/www.saglikuzmanlari.com\/melekhoca\/wp-content\/uploads\/2025\/04\/map-300x94.webp 300w, https:\/\/www.saglikuzmanlari.com\/melekhoca\/wp-content\/uploads\/2025\/04\/map-1024x320.webp 1024w, https:\/\/www.saglikuzmanlari.com\/melekhoca\/wp-content\/uploads\/2025\/04\/map-768x240.webp 768w, https:\/\/www.saglikuzmanlari.com\/melekhoca\/wp-content\/uploads\/2025\/04\/map-1536x480.webp 1536w, https:\/\/www.saglikuzmanlari.com\/melekhoca\/wp-content\/uploads\/2025\/04\/map-600x188.webp 600w\" data-sizes=\"(max-width: 1920px) 100vw, 1920px\" \/><\/div>\r\n\t\t\t\t<\/div>\r\n\r\n\t\t\t\t<div class=\"cz_image_caption mt10\"><p style=\"text-align: center\">KL\u0130N\u0130K KONUMUMUZ<\/p><\/div>\r\n\t\t\t<\/div>\r\n\r\n\t\t<\/div>\r\n\r\n\t\t<\/a>\t\t\t\t<\/div>\n\t\t\t\t<\/div>\n\t\t\t\t\t<\/div>\n\t\t<\/div>\n\t\t\t\t\t<\/div>\n\t\t<\/section>\n\t\t\t\t<\/div>\n\t\t","protected":false},"excerpt":{"rendered":"<p>Telefon +90 242 312 2 312 +90 546 202 87 44 &#8230; <\/p>\n","protected":false},"author":1,"featured_media":0,"parent":0,"menu_order":0,"comment_status":"closed","ping_status":"closed","template":"","meta":{"pagelayer_contact_templates":[],"_pagelayer_content":"","footnotes":""},"class_list":["post-2108","page","type-page","status-publish","hentry"],"_links":{"self":[{"href":"https:\/\/www.saglikuzmanlari.com\/melekhoca\/wp-json\/wp\/v2\/pages\/2108","targetHints":{"allow":["GET"]}}],"collection":[{"href":"https:\/\/www.saglikuzmanlari.com\/melekhoca\/wp-json\/wp\/v2\/pages"}],"about":[{"href":"https:\/\/www.saglikuzmanlari.com\/melekhoca\/wp-json\/wp\/v2\/types\/page"}],"author":[{"embeddable":true,"href":"https:\/\/www.saglikuzmanlari.com\/melekhoca\/wp-json\/wp\/v2\/users\/1"}],"replies":[{"embeddable":true,"href":"https:\/\/www.saglikuzmanlari.com\/melekhoca\/wp-json\/wp\/v2\/comments?post=2108"}],"version-history":[{"count":46,"href":"https:\/\/www.saglikuzmanlari.com\/melekhoca\/wp-json\/wp\/v2\/pages\/2108\/revisions"}],"predecessor-version":[{"id":3988,"href":"https:\/\/www.saglikuzmanlari.com\/melekhoca\/wp-json\/wp\/v2\/pages\/2108\/revisions\/3988"}],"wp:attachment":[{"href":"https:\/\/www.saglikuzmanlari.com\/melekhoca\/wp-json\/wp\/v2\/media?parent=2108"}],"curies":[{"name":"wp","href":"https:\/\/api.w.org\/{rel}","templated":true}]}}